{"id":34,"date":"2025-04-11T17:33:08","date_gmt":"2025-04-11T20:33:08","guid":{"rendered":"https:\/\/nossa.loja.teste.dev.dina.io\/?post_type=product&#038;p=34"},"modified":"2025-04-11T17:40:35","modified_gmt":"2025-04-11T20:40:35","slug":"deslicenciador-de-licencas-pro-max","status":"publish","type":"product","link":"https:\/\/nossa.loja.teste.dev.dina.io\/?product=deslicenciador-de-licencas-pro-max","title":{"rendered":"Deslicenciador de Licen\u00e7as Pro Max"},"content":{"rendered":"<p>Com o Deslicenciador de Licen\u00e7as Pro Max voc\u00ea deslicencia licen\u00e7as obtidas e que permitiam licenciar ou dar licen\u00e7a ao passar o sal para outra mesa.<\/p>\n","protected":false},"excerpt":{"rendered":"<p>Com o Deslicenciador de Licen\u00e7as Pro Max voc\u00ea deslicencia licen\u00e7as obtidas e que permitiam licenciar ou dar licen\u00e7a ao passar o sal para outra mesa.<\/p>\n","protected":false},"featured_media":35,"comment_status":"closed","ping_status":"closed","template":"","meta":[],"product_brand":[],"product_cat":[15],"product_tag":[],"class_list":{"0":"post-34","1":"product","2":"type-product","3":"status-publish","4":"has-post-thumbnail","6":"product_cat-sem-categoria","8":"first","9":"instock","10":"sale","11":"downloadable","12":"virtual","13":"taxable","14":"purchasable","15":"product-type-simple"},"_links":{"self":[{"href":"https:\/\/nossa.loja.teste.dev.dina.io\/index.php?rest_route=\/wp\/v2\/product\/34","targetHints":{"allow":["GET"]}}],"collection":[{"href":"https:\/\/nossa.loja.teste.dev.dina.io\/index.php?rest_route=\/wp\/v2\/product"}],"about":[{"href":"https:\/\/nossa.loja.teste.dev.dina.io\/index.php?rest_route=\/wp\/v2\/types\/product"}],"replies":[{"embeddable":true,"href":"https:\/\/nossa.loja.teste.dev.dina.io\/index.php?rest_route=%2Fwp%2Fv2%2Fcomments&post=34"}],"wp:featuredmedia":[{"embeddable":true,"href":"https:\/\/nossa.loja.teste.dev.dina.io\/index.php?rest_route=\/wp\/v2\/media\/35"}],"wp:attachment":[{"href":"https:\/\/nossa.loja.teste.dev.dina.io\/index.php?rest_route=%2Fwp%2Fv2%2Fmedia&parent=34"}],"wp:term":[{"taxonomy":"product_brand","embeddable":true,"href":"https:\/\/nossa.loja.teste.dev.dina.io\/index.php?rest_route=%2Fwp%2Fv2%2Fproduct_brand&post=34"},{"taxonomy":"product_cat","embeddable":true,"href":"https:\/\/nossa.loja.teste.dev.dina.io\/index.php?rest_route=%2Fwp%2Fv2%2Fproduct_cat&post=34"},{"taxonomy":"product_tag","embeddable":true,"href":"https:\/\/nossa.loja.teste.dev.dina.io\/index.php?rest_route=%2Fwp%2Fv2%2Fproduct_tag&post=34"}],"curies":[{"name":"wp","href":"https:\/\/api.w.org\/{rel}","templated":true}]}}