{"id":16,"date":"2025-04-10T16:38:48","date_gmt":"2025-04-10T19:38:48","guid":{"rendered":"https:\/\/172.17.0.2\/?post_type=product&#038;p=16"},"modified":"2025-04-11T17:40:07","modified_gmt":"2025-04-11T20:40:07","slug":"licenca-para-usar-servicos-do-isacloud","status":"publish","type":"product","link":"https:\/\/nossa.loja.teste.dev.dina.io\/?product=licenca-para-usar-servicos-do-isacloud","title":{"rendered":"Licen\u00e7a para usar servi\u00e7os do doraCloud"},"content":{"rendered":"<p>Uma licen\u00e7a para utilizar servi\u00e7os doraCloud<\/p>\n","protected":false},"excerpt":{"rendered":"<p>Uma licen\u00e7a para utilizar servi\u00e7os doraCloud como Messenger, Drive, Vault e suporte pessoal.<\/p>\n","protected":false},"featured_media":30,"comment_status":"open","ping_status":"closed","template":"","meta":[],"product_brand":[],"product_cat":[15],"product_tag":[],"class_list":{"0":"post-16","1":"product","2":"type-product","3":"status-publish","4":"has-post-thumbnail","6":"product_cat-sem-categoria","8":"first","9":"instock","10":"sale","11":"downloadable","12":"virtual","13":"taxable","14":"purchasable","15":"product-type-simple"},"_links":{"self":[{"href":"https:\/\/nossa.loja.teste.dev.dina.io\/index.php?rest_route=\/wp\/v2\/product\/16","targetHints":{"allow":["GET"]}}],"collection":[{"href":"https:\/\/nossa.loja.teste.dev.dina.io\/index.php?rest_route=\/wp\/v2\/product"}],"about":[{"href":"https:\/\/nossa.loja.teste.dev.dina.io\/index.php?rest_route=\/wp\/v2\/types\/product"}],"replies":[{"embeddable":true,"href":"https:\/\/nossa.loja.teste.dev.dina.io\/index.php?rest_route=%2Fwp%2Fv2%2Fcomments&post=16"}],"wp:featuredmedia":[{"embeddable":true,"href":"https:\/\/nossa.loja.teste.dev.dina.io\/index.php?rest_route=\/wp\/v2\/media\/30"}],"wp:attachment":[{"href":"https:\/\/nossa.loja.teste.dev.dina.io\/index.php?rest_route=%2Fwp%2Fv2%2Fmedia&parent=16"}],"wp:term":[{"taxonomy":"product_brand","embeddable":true,"href":"https:\/\/nossa.loja.teste.dev.dina.io\/index.php?rest_route=%2Fwp%2Fv2%2Fproduct_brand&post=16"},{"taxonomy":"product_cat","embeddable":true,"href":"https:\/\/nossa.loja.teste.dev.dina.io\/index.php?rest_route=%2Fwp%2Fv2%2Fproduct_cat&post=16"},{"taxonomy":"product_tag","embeddable":true,"href":"https:\/\/nossa.loja.teste.dev.dina.io\/index.php?rest_route=%2Fwp%2Fv2%2Fproduct_tag&post=16"}],"curies":[{"name":"wp","href":"https:\/\/api.w.org\/{rel}","templated":true}]}}